{"id":660,"date":"2024-03-20T07:48:04","date_gmt":"2024-03-20T07:48:04","guid":{"rendered":"https:\/\/bdlayoutsplus.com\/breakdance-home-service-layouts-pack\/?page_id=660"},"modified":"2026-03-11T12:57:50","modified_gmt":"2026-03-11T12:57:50","slug":"about-us","status":"publish","type":"page","link":"https:\/\/alternativenergi.hr\/?page_id=660","title":{"rendered":"O nama"},"content":{"rendered":"<section class=\"bde-section-660-100 bde-section\">\n              \n  \n  \n\t\n\n  <div class=\"section-background-overlay\"><\/div>\n\n\n<div class=\"section-container\"><div class=\"bde-div-660-101 bde-div\">\n  \n  \n\t\n\n\n\n<h3 class=\"bde-heading-660-102 bde-heading\">\nO nama\n<\/h3><div class=\"bde-div-660-103 bde-div\">\n  \n  \n\t\n\n\n\n<div class=\"bde-button-660-104 bde-button\">\n    \n                                    \n    \n    \n    \n    \n            \n                    \n            \n            \n\n    \n    \n    \n    \n    \n    <a class=\"breakdance-link button-atom button-atom--custom bde-button__button\" href=\"https:\/\/alternativenergi.hr\" target=\"_self\" data-type=\"url\"  >\n\n    \n        <span class=\"button-atom__text\">Po\u010detna<\/span>\n\n                            \n        \n                <\/a>\n\n    \n\n\n<\/div><div class=\"bde-button-660-105 bde-button\">\n    \n                                    \n    \n    \n    \n    \n            \n            <button type=\"button\" class=\"button-atom button-atom--custom bde-button__button\"  >\n    \n        <span class=\"button-atom__text\">O nama<\/span>\n\n                            \n        \n            <\/button>\n    \n\n\n<\/div>\n<\/div>\n<\/div><\/div>\n<\/section><section class=\"bde-section-660-106 bde-section\">\n  \n  \n\t\n\n\n\n<div class=\"section-container\"><div class=\"bde-div-660-107 bde-div\">\n  \n  \n\t\n\n\n\n<div class=\"bde-columns-660-108 bde-columns\"><div class=\"bde-column-660-109 bde-column\">\n  \n  \n\t\n\n\n\n<img decoding=\"async\" class=\"bde-image2-660-271 bde-image2\" src=\"https:\/\/alternativenergi.hr\/wp-content\/uploads\/2025\/12\/raze-solar-Q8V1EEvnJgk-unsplash-scaled.jpg\" loading=\"lazy\" srcset=\"https:\/\/alternativenergi.hr\/wp-content\/uploads\/2025\/12\/raze-solar-Q8V1EEvnJgk-unsplash-scaled.jpg 2560w, https:\/\/alternativenergi.hr\/wp-content\/uploads\/2025\/12\/raze-solar-Q8V1EEvnJgk-unsplash-300x169.jpg 300w, https:\/\/alternativenergi.hr\/wp-content\/uploads\/2025\/12\/raze-solar-Q8V1EEvnJgk-unsplash-1024x576.jpg 1024w, https:\/\/alternativenergi.hr\/wp-content\/uploads\/2025\/12\/raze-solar-Q8V1EEvnJgk-unsplash-768x432.jpg 768w, https:\/\/alternativenergi.hr\/wp-content\/uploads\/2025\/12\/raze-solar-Q8V1EEvnJgk-unsplash-1536x864.jpg 1536w, https:\/\/alternativenergi.hr\/wp-content\/uploads\/2025\/12\/raze-solar-Q8V1EEvnJgk-unsplash-2048x1152.jpg 2048w\" sizes=\"(max-width: 2560px) 100vw, 2560px\">\n<\/div><div class=\"bde-column-660-110 bde-column\">\n  \n  \n\t\n\n\n\n<div class=\"bde-icon-660-111 bde-icon\">\n\n    \n            <div class=\"bde-icon-icon breakdance-icon-atom\" >\n    \n                    <svg xmlns=\"http:\/\/www.w3.org\/2000\/svg\" viewBox=\"0 0 576 512\"><!-- Font Awesome Free 5.15.1 by @fontawesome - https:\/\/fontawesome.com License - https:\/\/fontawesome.com\/license\/free (Icons: CC BY 4.0, Fonts: SIL OFL 1.1, Code: MIT License) --><path d=\"M280.37 148.26L96 300.11V464a16 16 0 0 0 16 16l112.06-.29a16 16 0 0 0 15.92-16V368a16 16 0 0 1 16-16h64a16 16 0 0 1 16 16v95.64a16 16 0 0 0 16 16.05L464 480a16 16 0 0 0 16-16V300L295.67 148.26a12.19 12.19 0 0 0-15.3 0zM571.6 251.47L488 182.56V44.05a12 12 0 0 0-12-12h-56a12 12 0 0 0-12 12v72.61L318.47 43a48 48 0 0 0-61 0L4.34 251.47a12 12 0 0 0-1.6 16.9l25.5 31A12 12 0 0 0 45.15 301l235.22-193.74a12.19 12.19 0 0 1 15.3 0L530.9 301a12 12 0 0 0 16.9-1.6l25.5-31a12 12 0 0 0-1.7-16.93z\"\/><\/svg>\n        \n        \n        \n            <\/div>\n    \n\n\n<\/div><h4 class=\"bde-heading-660-112 bde-heading\">\nNA\u0160A PRI\u010cA\n<\/h4><h3 class=\"bde-heading-660-113 bde-heading\">\nKako je nastao i razvio se Alternativ Energy\n<\/h3><div class=\"bde-icon-box-660-114 bde-icon-box\">\n\n    \n            <div class=\"ee-iconbox-icon breakdance-icon-atom\" >\n    \n                    <svg xmlns=\"http:\/\/www.w3.org\/2000\/svg\" viewBox=\"0 0 640 512\"><!-- Font Awesome Free 5.15.1 by @fontawesome - https:\/\/fontawesome.com License - https:\/\/fontawesome.com\/license\/free (Icons: CC BY 4.0, Fonts: SIL OFL 1.1, Code: MIT License) --><path d=\"M192 256c61.9 0 112-50.1 112-112S253.9 32 192 32 80 82.1 80 144s50.1 112 112 112zm76.8 32h-8.3c-20.8 10-43.9 16-68.5 16s-47.6-6-68.5-16h-8.3C51.6 288 0 339.6 0 403.2V432c0 26.5 21.5 48 48 48h288c26.5 0 48-21.5 48-48v-28.8c0-63.6-51.6-115.2-115.2-115.2zM480 256c53 0 96-43 96-96s-43-96-96-96-96 43-96 96 43 96 96 96zm48 32h-3.8c-13.9 4.8-28.6 8-44.2 8s-30.3-3.2-44.2-8H432c-20.4 0-39.2 5.9-55.7 15.4 24.4 26.3 39.7 61.2 39.7 99.8v38.4c0 2.2-.5 4.3-.6 6.4H592c26.5 0 48-21.5 48-48 0-61.9-50.1-112-112-112z\"\/><\/svg>\n        \n        \n        \n            <\/div>\n    \n\n<div class=\"ee-iconbox-content\">\n      <h4 class=\"ee-iconbox-title bde-h3\" >Tko smo i \u0161to radimo<\/h4>\n        <div class=\"ee-iconbox-text\" >Alternativ Energy pru\u017ea pouzdana solarna rje\u0161enja za ku\u0107anstva i industriju. Fokus nam je kvalitetna izvedba, sigurnost i dugotrajnost sustava.<\/div>\n    <\/div>\n\n<\/div><div class=\"bde-icon-box-660-115 bde-icon-box\">\n\n    \n            <div class=\"ee-iconbox-icon breakdance-icon-atom\" >\n    \n                    <svg xmlns=\"http:\/\/www.w3.org\/2000\/svg\" viewBox=\"0 0 640 512\"><!--! Font Awesome Free 6.5.1 by @fontawesome - https:\/\/fontawesome.com License - https:\/\/fontawesome.com\/license\/free (Icons: CC BY 4.0, Fonts: SIL OFL 1.1, Code: MIT License) Copyright 2023 Fonticons, Inc. --><path d=\"M128 72a24 24 0 1 1 0 48 24 24 0 1 1 0-48zm32 97.3c28.3-12.3 48-40.5 48-73.3c0-44.2-35.8-80-80-80S48 51.8 48 96c0 32.8 19.7 61 48 73.3V224H32c-17.7 0-32 14.3-32 32s14.3 32 32 32H288v54.7c-28.3 12.3-48 40.5-48 73.3c0 44.2 35.8 80 80 80s80-35.8 80-80c0-32.8-19.7-61-48-73.3V288H608c17.7 0 32-14.3 32-32s-14.3-32-32-32H544V169.3c28.3-12.3 48-40.5 48-73.3c0-44.2-35.8-80-80-80s-80 35.8-80 80c0 32.8 19.7 61 48 73.3V224H160V169.3zM488 96a24 24 0 1 1 48 0 24 24 0 1 1 -48 0zM320 392a24 24 0 1 1 0 48 24 24 0 1 1 0-48z\"\/><\/svg>\n        \n        \n        \n            <\/div>\n    \n\n<div class=\"ee-iconbox-content\">\n      <h4 class=\"ee-iconbox-title bde-h3\" >Kako smo nastali<\/h4>\n        <div class=\"ee-iconbox-text\" >Pokrenuli smo tvrtku s ciljem da omogu\u0107imo pristupa\u010dnu i stabilnu solarnu energiju za razli\u010dite potrebe \u2014 od malih domova do ve\u0107ih objekata.<\/div>\n    <\/div>\n\n<\/div><div class=\"bde-button-660-116 bde-button\">\n    \n                                    \n    \n    \n    \n    \n            \n                    \n            \n            \n\n    \n    \n    \n    \n    \n    <a class=\"breakdance-link button-atom button-atom--primary bde-button__button\" href=\"https:\/\/alternativenergi.hr\/?page_id=701\" target=\"_self\" data-type=\"url\"  >\n\n    \n        <span class=\"button-atom__text\">Kontaktirajte nas<\/span>\n\n        \n        \n                <\/a>\n\n    \n\n\n<\/div>\n<\/div><\/div>\n<\/div><\/div>\n<\/section><section class=\"bde-section-660-117 bde-section\">\n  \n  \n\t\n\n\n\n<div class=\"section-container\"><div class=\"bde-div-660-118 bde-div\">\n  \n  \n\t\n\n\n\n<div class=\"bde-columns-660-119 bde-columns\"><div class=\"bde-column-660-120 bde-column\">\n  \n  \n\t\n\n\n\n<div class=\"bde-div-660-121 bde-div\">\n  \n  \n\t\n\n\n\n<div class=\"bde-icon-660-122 bde-icon\">\n\n    \n            <div class=\"bde-icon-icon breakdance-icon-atom\" >\n    \n                    <svg xmlns=\"http:\/\/www.w3.org\/2000\/svg\" id=\"icon-happy\" viewBox=\"0 0 32 32\">\n<path d=\"M16 32c8.837 0 16-7.163 16-16s-7.163-16-16-16-16 7.163-16 16 7.163 16 16 16zM16 3c7.18 0 13 5.82 13 13s-5.82 13-13 13-13-5.82-13-13 5.82-13 13-13zM16 18.711c3.623 0 7.070-0.963 10-2.654-0.455 5.576-4.785 9.942-10 9.942s-9.544-4.371-10-9.947c2.93 1.691 6.377 2.658 10 2.658zM8 11c0-1.657 0.895-3 2-3s2 1.343 2 3c0 1.657-0.895 3-2 3s-2-1.343-2-3zM20 11c0-1.657 0.895-3 2-3s2 1.343 2 3c0 1.657-0.895 3-2 3s-2-1.343-2-3z\"\/>\n<\/svg>\n        \n        \n        \n            <\/div>\n    \n\n\n<\/div><div class=\"bde-simple-counter-660-123 bde-simple-counter\">\n<div class=\"bde-simple-counter__wrapper\">\n  <p class=\"bde-simple-counter__number bde-h6\">\n    <span class=\"bde-simple-counter__prefix\"><\/span>\n    <span class=\"bde-simple-counter__digit js-digit\"><\/span>\n    <span class=\"bde-simple-counter__suffix\"><\/span>\n  <\/p>\n    \t<div class=\"bde-simple-counter__title\" >Zadovoljnih klijenata<\/div>\n  <\/div>\n\n<\/div>\n<\/div>\n<\/div><div class=\"bde-column-660-124 bde-column\">\n  \n  \n\t\n\n\n\n<div class=\"bde-div-660-125 bde-div\">\n  \n  \n\t\n\n\n\n<div class=\"bde-icon-660-126 bde-icon\">\n\n    \n            <div class=\"bde-icon-icon breakdance-icon-atom\" >\n    \n                    <svg xmlns=\"http:\/\/www.w3.org\/2000\/svg\" viewBox=\"0 0 576 512\"><!-- Font Awesome Free 5.15.1 by @fontawesome - https:\/\/fontawesome.com License - https:\/\/fontawesome.com\/license\/free (Icons: CC BY 4.0, Fonts: SIL OFL 1.1, Code: MIT License) --><path d=\"M288 114.96L69.47 307.71c-1.62 1.46-3.69 2.14-5.47 3.35V496c0 8.84 7.16 16 16 16h149.23L192 439.19l104.11-64-60.16-119.22L384 392.75l-104.11 64L319.81 512H496c8.84 0 16-7.16 16-16V311.1c-1.7-1.16-3.72-1.82-5.26-3.2L288 114.96zm282.69 121.32L512 184.45V48c0-8.84-7.16-16-16-16h-64c-8.84 0-16 7.16-16 16v51.69L314.75 10.31C307.12 3.45 297.56.01 288 0s-19.1 3.41-26.7 10.27L5.31 236.28c-6.57 5.91-7.12 16.02-1.21 22.6l21.4 23.82c5.9 6.57 16.02 7.12 22.6 1.21L277.42 81.63c6.05-5.33 15.12-5.33 21.17 0L527.91 283.9c6.57 5.9 16.69 5.36 22.6-1.21l21.4-23.82c5.9-6.57 5.36-16.69-1.22-22.59z\"\/><\/svg>\n        \n        \n        \n            <\/div>\n    \n\n\n<\/div><div class=\"bde-simple-counter-660-127 bde-simple-counter\">\n<div class=\"bde-simple-counter__wrapper\">\n  <p class=\"bde-simple-counter__number bde-h6\">\n    <span class=\"bde-simple-counter__prefix\"><\/span>\n    <span class=\"bde-simple-counter__digit js-digit\"><\/span>\n    <span class=\"bde-simple-counter__suffix\"><\/span>\n  <\/p>\n    \t<div class=\"bde-simple-counter__title\" >Izvedenih projekata<\/div>\n  <\/div>\n\n<\/div>\n<\/div>\n<\/div><div class=\"bde-column-660-128 bde-column\">\n  \n  \n\t\n\n\n\n<div class=\"bde-div-660-129 bde-div\">\n  \n  \n\t\n\n\n\n<div class=\"bde-icon-660-130 bde-icon\">\n\n    \n            <div class=\"bde-icon-icon breakdance-icon-atom\" >\n    \n                    <svg xmlns=\"http:\/\/www.w3.org\/2000\/svg\" id=\"icon-trophy\" viewBox=\"0 0 32 32\">\n<path d=\"M26 6v-4h-20v4h-6v4c0 3.314 2.686 6 6 6 0.627 0 1.232-0.096 1.801-0.275 1.443 2.063 3.644 3.556 6.199 4.075v6.2h-2c-2.209 0-4 1.791-4 4h16c0-2.209-1.791-4-4-4h-2v-6.2c2.555-0.519 4.756-2.012 6.199-4.075 0.568 0.179 1.173 0.275 1.801 0.275 3.314 0 6-2.686 6-6v-4h-6zM6 13.625c-1.999 0-3.625-1.626-3.625-3.625v-2h3.625v2c0 1.256 0.232 2.457 0.655 3.565-0.213 0.039-0.431 0.060-0.655 0.060zM29.625 10c0 1.999-1.626 3.625-3.625 3.625-0.224 0-0.442-0.021-0.655-0.060 0.423-1.107 0.655-2.309 0.655-3.565v-2h3.625v2z\"\/>\n<\/svg>\n        \n        \n        \n            <\/div>\n    \n\n\n<\/div><div class=\"bde-simple-counter-660-131 bde-simple-counter\">\n<div class=\"bde-simple-counter__wrapper\">\n  <p class=\"bde-simple-counter__number bde-h6\">\n    <span class=\"bde-simple-counter__prefix\"><\/span>\n    <span class=\"bde-simple-counter__digit js-digit\"><\/span>\n    <span class=\"bde-simple-counter__suffix\"><\/span>\n  <\/p>\n    \t<div class=\"bde-simple-counter__title\" >priznanja i pohvala<\/div>\n  <\/div>\n\n<\/div>\n<\/div>\n<\/div><div class=\"bde-column-660-132 bde-column\">\n  \n  \n\t\n\n\n\n<div class=\"bde-div-660-133 bde-div\">\n  \n  \n\t\n\n\n\n<div class=\"bde-icon-660-134 bde-icon\">\n\n    \n            <div class=\"bde-icon-icon breakdance-icon-atom\" >\n    \n                    <svg xmlns=\"http:\/\/www.w3.org\/2000\/svg\" viewBox=\"0 0 640 512\"><!-- Font Awesome Free 5.15.1 by @fontawesome - https:\/\/fontawesome.com License - https:\/\/fontawesome.com\/license\/free (Icons: CC BY 4.0, Fonts: SIL OFL 1.1, Code: MIT License) --><path d=\"M96 224c35.3 0 64-28.7 64-64s-28.7-64-64-64-64 28.7-64 64 28.7 64 64 64zm448 0c35.3 0 64-28.7 64-64s-28.7-64-64-64-64 28.7-64 64 28.7 64 64 64zm32 32h-64c-17.6 0-33.5 7.1-45.1 18.6 40.3 22.1 68.9 62 75.1 109.4h66c17.7 0 32-14.3 32-32v-32c0-35.3-28.7-64-64-64zm-256 0c61.9 0 112-50.1 112-112S381.9 32 320 32 208 82.1 208 144s50.1 112 112 112zm76.8 32h-8.3c-20.8 10-43.9 16-68.5 16s-47.6-6-68.5-16h-8.3C179.6 288 128 339.6 128 403.2V432c0 26.5 21.5 48 48 48h288c26.5 0 48-21.5 48-48v-28.8c0-63.6-51.6-115.2-115.2-115.2zm-223.7-13.4C161.5 263.1 145.6 256 128 256H64c-35.3 0-64 28.7-64 64v32c0 17.7 14.3 32 32 32h65.9c6.3-47.4 34.9-87.3 75.2-109.4z\"\/><\/svg>\n        \n        \n        \n            <\/div>\n    \n\n\n<\/div><div class=\"bde-simple-counter-660-135 bde-simple-counter\">\n<div class=\"bde-simple-counter__wrapper\">\n  <p class=\"bde-simple-counter__number bde-h6\">\n    <span class=\"bde-simple-counter__prefix\"><\/span>\n    <span class=\"bde-simple-counter__digit js-digit\"><\/span>\n    <span class=\"bde-simple-counter__suffix\"><\/span>\n  <\/p>\n    \t<div class=\"bde-simple-counter__title\" >Suradnika i partnera<\/div>\n  <\/div>\n\n<\/div>\n<\/div>\n<\/div><\/div>\n<\/div><\/div>\n<\/section><section class=\"bde-section-660-301 bde-section\">\n  \n  \n\t\n\n\n\n<div class=\"section-container\"><h4 class=\"bde-heading-660-331 bde-heading\">\nNA\u0160A PRI\u010cA\n<\/h4><h2 class=\"bde-heading-660-302 bde-heading\">\nStru\u010dnost i tehnologija\n<\/h2><div class=\"bde-text-660-303 bde-text\">\nTehni\u010dko znanje i priznanja ste\u010dena na me\u0111unarodnim projektima.\n<\/div><div class=\"bde-columns-660-304 bde-columns\"><div class=\"bde-column-660-305 bde-column\">\n  \n  \n\t\n\n\n\n<div class=\"bde-icon-box-660-306 bde-icon-box\">\n\n    \n            <div class=\"ee-iconbox-icon breakdance-icon-atom\" >\n    \n                    <svg xmlns=\"http:\/\/www.w3.org\/2000\/svg\" viewBox=\"0 0 384 512\"><!--! Font Awesome Free 6.5.1 by @fontawesome - https:\/\/fontawesome.com License - https:\/\/fontawesome.com\/license\/free (Icons: CC BY 4.0, Fonts: SIL OFL 1.1, Code: MIT License) Copyright 2023 Fonticons, Inc. --><path d=\"M173.8 5.5c11-7.3 25.4-7.3 36.4 0L228 17.2c6 3.9 13 5.8 20.1 5.4l21.3-1.3c13.2-.8 25.6 6.4 31.5 18.2l9.6 19.1c3.2 6.4 8.4 11.5 14.7 14.7L344.5 83c11.8 5.9 19 18.3 18.2 31.5l-1.3 21.3c-.4 7.1 1.5 14.2 5.4 20.1l11.8 17.8c7.3 11 7.3 25.4 0 36.4L366.8 228c-3.9 6-5.8 13-5.4 20.1l1.3 21.3c.8 13.2-6.4 25.6-18.2 31.5l-19.1 9.6c-6.4 3.2-11.5 8.4-14.7 14.7L301 344.5c-5.9 11.8-18.3 19-31.5 18.2l-21.3-1.3c-7.1-.4-14.2 1.5-20.1 5.4l-17.8 11.8c-11 7.3-25.4 7.3-36.4 0L156 366.8c-6-3.9-13-5.8-20.1-5.4l-21.3 1.3c-13.2 .8-25.6-6.4-31.5-18.2l-9.6-19.1c-3.2-6.4-8.4-11.5-14.7-14.7L39.5 301c-11.8-5.9-19-18.3-18.2-31.5l1.3-21.3c.4-7.1-1.5-14.2-5.4-20.1L5.5 210.2c-7.3-11-7.3-25.4 0-36.4L17.2 156c3.9-6 5.8-13 5.4-20.1l-1.3-21.3c-.8-13.2 6.4-25.6 18.2-31.5l19.1-9.6C65 70.2 70.2 65 73.4 58.6L83 39.5c5.9-11.8 18.3-19 31.5-18.2l21.3 1.3c7.1 .4 14.2-1.5 20.1-5.4L173.8 5.5zM272 192a80 80 0 1 0 -160 0 80 80 0 1 0 160 0zM1.3 441.8L44.4 339.3c.2 .1 .3 .2 .4 .4l9.6 19.1c11.7 23.2 36 37.3 62 35.8l21.3-1.3c.2 0 .5 0 .7 .2l17.8 11.8c5.1 3.3 10.5 5.9 16.1 7.7l-37.6 89.3c-2.3 5.5-7.4 9.2-13.3 9.7s-11.6-2.2-14.8-7.2L74.4 455.5l-56.1 8.3c-5.7 .8-11.4-1.5-15-6s-4.3-10.7-2.1-16zm248 60.4L211.7 413c5.6-1.8 11-4.3 16.1-7.7l17.8-11.8c.2-.1 .4-.2 .7-.2l21.3 1.3c26 1.5 50.3-12.6 62-35.8l9.6-19.1c.1-.2 .2-.3 .4-.4l43.2 102.5c2.2 5.3 1.4 11.4-2.1 16s-9.3 6.9-15 6l-56.1-8.3-32.2 49.2c-3.2 5-8.9 7.7-14.8 7.2s-11-4.3-13.3-9.7z\"\/><\/svg>\n        \n        \n        \n            <\/div>\n    \n\n<div class=\"ee-iconbox-content\">\n      <p class=\"ee-iconbox-title bde-h3\" >Certificirani stru\u010dnjaci<\/p>\n        <div class=\"ee-iconbox-text\" >Na\u0161 tim ima me\u0111unarodne certifikate i iskustvo u naprednim fotonaponskim sustavima, uz fokus na sigurnu i preciznu izvedbu.<\/div>\n    <\/div>\n\n<\/div>\n<\/div><div class=\"bde-column-660-307 bde-column\">\n  \n  \n\t\n\n\n\n<div class=\"bde-icon-box-660-308 bde-icon-box\">\n\n    \n            <div class=\"ee-iconbox-icon breakdance-icon-atom\" >\n    \n                    <svg xmlns=\"http:\/\/www.w3.org\/2000\/svg\" id=\"icon-trophy\" viewBox=\"0 0 32 32\">\n<path d=\"M26 6v-4h-20v4h-6v4c0 3.314 2.686 6 6 6 0.627 0 1.232-0.096 1.801-0.275 1.443 2.063 3.644 3.556 6.199 4.075v6.2h-2c-2.209 0-4 1.791-4 4h16c0-2.209-1.791-4-4-4h-2v-6.2c2.555-0.519 4.756-2.012 6.199-4.075 0.568 0.179 1.173 0.275 1.801 0.275 3.314 0 6-2.686 6-6v-4h-6zM6 13.625c-1.999 0-3.625-1.626-3.625-3.625v-2h3.625v2c0 1.256 0.232 2.457 0.655 3.565-0.213 0.039-0.431 0.060-0.655 0.060zM29.625 10c0 1.999-1.626 3.625-3.625 3.625-0.224 0-0.442-0.021-0.655-0.060 0.423-1.107 0.655-2.309 0.655-3.565v-2h3.625v2z\"\/>\n<\/svg>\n        \n        \n        \n            <\/div>\n    \n\n<div class=\"ee-iconbox-content\">\n      <p class=\"ee-iconbox-title bde-h3\" >Nagrada u Norve\u0161koj <\/p>\n        <div class=\"ee-iconbox-text\" >Godine 2017. osvojili smo nagradu za najrelevantniji energetski projekt u Norve\u0161koj, \u0161to potvr\u0111uje na\u0161u stru\u010dnost i kvalitetu izvedbe.<\/div>\n    <\/div>\n\n<\/div>\n<\/div><div class=\"bde-column-660-309 bde-column\">\n  \n  \n\t\n\n\n\n<div class=\"bde-icon-box-660-310 bde-icon-box\">\n\n    \n            <div class=\"ee-iconbox-icon breakdance-icon-atom\" >\n    \n                    <svg xmlns=\"http:\/\/www.w3.org\/2000\/svg\" viewBox=\"0 0 512 512\"><!--! Font Awesome Free 6.5.1 by @fontawesome - https:\/\/fontawesome.com License - https:\/\/fontawesome.com\/license\/free (Icons: CC BY 4.0, Fonts: SIL OFL 1.1, Code: MIT License) Copyright 2023 Fonticons, Inc. --><path d=\"M176 88v40H336V88c0-4.4-3.6-8-8-8H184c-4.4 0-8 3.6-8 8zm-48 40V88c0-30.9 25.1-56 56-56H328c30.9 0 56 25.1 56 56v40h28.1c12.7 0 24.9 5.1 33.9 14.1l51.9 51.9c9 9 14.1 21.2 14.1 33.9V304H384V288c0-17.7-14.3-32-32-32s-32 14.3-32 32v16H192V288c0-17.7-14.3-32-32-32s-32 14.3-32 32v16H0V227.9c0-12.7 5.1-24.9 14.1-33.9l51.9-51.9c9-9 21.2-14.1 33.9-14.1H128zM0 416V336H128v16c0 17.7 14.3 32 32 32s32-14.3 32-32V336H320v16c0 17.7 14.3 32 32 32s32-14.3 32-32V336H512v80c0 35.3-28.7 64-64 64H64c-35.3 0-64-28.7-64-64z\"\/><\/svg>\n        \n        \n        \n            <\/div>\n    \n\n<div class=\"ee-iconbox-content\">\n      <p class=\"ee-iconbox-title bde-h3\" >Pouzdana oprema<\/p>\n        <div class=\"ee-iconbox-text\" >Koristimo suvremenu opremu i digitalne alate koji omogu\u0107uju br\u017eu instalaciju, manje pogre\u0161aka i optimalan rad svakog sustava.<\/div>\n    <\/div>\n\n<\/div>\n<\/div><\/div><\/div>\n<\/section><section class=\"bde-section-660-318 bde-section\">\n  \n  \n\t\n\n\n\n<div class=\"section-container\"><div class=\"bde-div-660-319 bde-div\">\n  \n  \n\t\n\n\n\n<div class=\"bde-columns-660-320 bde-columns\"><div class=\"bde-column-660-323 bde-column\">\n  \n  \n\t\n\n\n\n<div class=\"bde-icon-660-324 bde-icon\">\n\n    \n            <div class=\"bde-icon-icon breakdance-icon-atom\" >\n    \n                    <svg xmlns=\"http:\/\/www.w3.org\/2000\/svg\" viewBox=\"0 0 576 512\"><!-- Font Awesome Free 5.15.1 by @fontawesome - https:\/\/fontawesome.com License - https:\/\/fontawesome.com\/license\/free (Icons: CC BY 4.0, Fonts: SIL OFL 1.1, Code: MIT License) --><path d=\"M280.37 148.26L96 300.11V464a16 16 0 0 0 16 16l112.06-.29a16 16 0 0 0 15.92-16V368a16 16 0 0 1 16-16h64a16 16 0 0 1 16 16v95.64a16 16 0 0 0 16 16.05L464 480a16 16 0 0 0 16-16V300L295.67 148.26a12.19 12.19 0 0 0-15.3 0zM571.6 251.47L488 182.56V44.05a12 12 0 0 0-12-12h-56a12 12 0 0 0-12 12v72.61L318.47 43a48 48 0 0 0-61 0L4.34 251.47a12 12 0 0 0-1.6 16.9l25.5 31A12 12 0 0 0 45.15 301l235.22-193.74a12.19 12.19 0 0 1 15.3 0L530.9 301a12 12 0 0 0 16.9-1.6l25.5-31a12 12 0 0 0-1.7-16.93z\"\/><\/svg>\n        \n        \n        \n            <\/div>\n    \n\n\n<\/div><h4 class=\"bde-heading-660-325 bde-heading\">\nNA\u0160E ISKUSTVO\n<\/h4><h3 class=\"bde-heading-660-326 bde-heading\">\nIskustvo u ku\u0107anstvima i industriji\n<\/h3><div class=\"bde-icon-box-660-327 bde-icon-box\">\n\n    \n            <div class=\"ee-iconbox-icon breakdance-icon-atom\" >\n    \n                    <svg xmlns=\"http:\/\/www.w3.org\/2000\/svg\" viewBox=\"0 0 576 512\"><!--! Font Awesome Free 6.5.1 by @fontawesome - https:\/\/fontawesome.com License - https:\/\/fontawesome.com\/license\/free (Icons: CC BY 4.0, Fonts: SIL OFL 1.1, Code: MIT License) Copyright 2023 Fonticons, Inc. --><path d=\"M543.8 287.6c17 0 32-14 32-32.1c1-9-3-17-11-24L512 185V64c0-17.7-14.3-32-32-32H448c-17.7 0-32 14.3-32 32v36.7L309.5 7c-6-5-14-7-21-7s-15 1-22 8L10 231.5c-7 7-10 15-10 24c0 18 14 32.1 32 32.1h32V448c0 35.3 28.7 64 64 64H448.5c35.5 0 64.2-28.8 64-64.3l-.7-160.2h32zM288 160a64 64 0 1 1 0 128 64 64 0 1 1 0-128zM176 400c0-44.2 35.8-80 80-80h64c44.2 0 80 35.8 80 80c0 8.8-7.2 16-16 16H192c-8.8 0-16-7.2-16-16z\"\/><\/svg>\n        \n        \n        \n            <\/div>\n    \n\n<div class=\"ee-iconbox-content\">\n      <h4 class=\"ee-iconbox-title bde-h3\" >Pouzdani projekti za ku\u0107anstva<\/h4>\n        <div class=\"ee-iconbox-text\" >Radimo instalacije za obiteljske ku\u0107e, vikendice i manje objekte, s fokusom na sigurnost, dugotrajnost i urednu izvedbu svakog sustava.<\/div>\n    <\/div>\n\n<\/div><div class=\"bde-icon-box-660-328 bde-icon-box\">\n\n    \n            <div class=\"ee-iconbox-icon breakdance-icon-atom\" >\n    \n                    <svg xmlns=\"http:\/\/www.w3.org\/2000\/svg\" viewBox=\"0 0 576 512\"><!--! Font Awesome Free 6.5.1 by @fontawesome - https:\/\/fontawesome.com License - https:\/\/fontawesome.com\/license\/free (Icons: CC BY 4.0, Fonts: SIL OFL 1.1, Code: MIT License) Copyright 2023 Fonticons, Inc. --><path d=\"M64 32C46.3 32 32 46.3 32 64V304v48 80c0 26.5 21.5 48 48 48H496c26.5 0 48-21.5 48-48V304 152.2c0-18.2-19.4-29.7-35.4-21.1L352 215.4V152.2c0-18.2-19.4-29.7-35.4-21.1L160 215.4V64c0-17.7-14.3-32-32-32H64z\"\/><\/svg>\n        \n        \n        \n            <\/div>\n    \n\n<div class=\"ee-iconbox-content\">\n      <h4 class=\"ee-iconbox-title bde-h3\" >Rje\u0161enja za male i velike pogone<\/h4>\n        <div class=\"ee-iconbox-text\" >Imamo iskustvo u projektima za industrijske hale, radionice i komercijalne objekte te prilago\u0111avamo sustav stvarnim potrebama klijenta.<\/div>\n    <\/div>\n\n<\/div><div class=\"bde-button-660-329 bde-button\">\n    \n                                    \n    \n    \n    \n    \n            \n                    \n            \n            \n\n    \n    \n    \n    \n    \n    <a class=\"breakdance-link button-atom button-atom--primary bde-button__button\" href=\"https:\/\/alternativenergi.hr\/?page_id=701\" target=\"_self\" data-type=\"url\"  >\n\n    \n        <span class=\"button-atom__text\">Kontaktirajte nas<\/span>\n\n        \n        \n                <\/a>\n\n    \n\n\n<\/div>\n<\/div><div class=\"bde-column-660-321 bde-column\">\n  \n  \n\t\n\n\n\n<img decoding=\"async\" class=\"bde-image2-660-330 bde-image2\" src=\"https:\/\/alternativenergi.hr\/wp-content\/uploads\/2025\/12\/gary-cole-2pbElAv6K4I-unsplash-scaled.jpg\" loading=\"lazy\" srcset=\"https:\/\/alternativenergi.hr\/wp-content\/uploads\/2025\/12\/gary-cole-2pbElAv6K4I-unsplash-scaled.jpg 2560w, https:\/\/alternativenergi.hr\/wp-content\/uploads\/2025\/12\/gary-cole-2pbElAv6K4I-unsplash-300x200.jpg 300w, https:\/\/alternativenergi.hr\/wp-content\/uploads\/2025\/12\/gary-cole-2pbElAv6K4I-unsplash-1024x681.jpg 1024w, https:\/\/alternativenergi.hr\/wp-content\/uploads\/2025\/12\/gary-cole-2pbElAv6K4I-unsplash-768x511.jpg 768w, https:\/\/alternativenergi.hr\/wp-content\/uploads\/2025\/12\/gary-cole-2pbElAv6K4I-unsplash-1536x1022.jpg 1536w, https:\/\/alternativenergi.hr\/wp-content\/uploads\/2025\/12\/gary-cole-2pbElAv6K4I-unsplash-2048x1363.jpg 2048w\" sizes=\"(max-width: 2560px) 100vw, 2560px\">\n<\/div><\/div>\n<\/div><\/div>\n<\/section>","protected":false},"excerpt":{"rendered":"<p>O nama Po\u010detna O nama NA\u0160A PRI\u010cA Kako je nastao i razvio se Alternativ Energy Tko smo i \u0161to radimo Alternativ Energy pru\u017ea pouzdana solarna rje\u0161enja za ku\u0107anstva i industriju. Fokus nam je kvalitetna izvedba, sigurnost i dugotrajnost sustava. Kako smo nastali Pokrenuli smo tvrtku s ciljem da omogu\u0107imo pristupa\u010dnu i stabilnu solarnu energiju za [&hellip;]<\/p>\n","protected":false},"author":1,"featured_media":0,"parent":0,"menu_order":0,"comment_status":"closed","ping_status":"closed","template":"","meta":{"_breakdance_hide_in_design_set":false,"_breakdance_tags":"","footnotes":""},"class_list":["post-660","page","type-page","status-publish","hentry"],"_hostinger_reach_plugin_has_subscription_block":false,"_hostinger_reach_plugin_is_elementor":false,"_links":{"self":[{"href":"https:\/\/alternativenergi.hr\/index.php?rest_route=\/wp\/v2\/pages\/660","targetHints":{"allow":["GET"]}}],"collection":[{"href":"https:\/\/alternativenergi.hr\/index.php?rest_route=\/wp\/v2\/pages"}],"about":[{"href":"https:\/\/alternativenergi.hr\/index.php?rest_route=\/wp\/v2\/types\/page"}],"author":[{"embeddable":true,"href":"https:\/\/alternativenergi.hr\/index.php?rest_route=\/wp\/v2\/users\/1"}],"replies":[{"embeddable":true,"href":"https:\/\/alternativenergi.hr\/index.php?rest_route=%2Fwp%2Fv2%2Fcomments&post=660"}],"version-history":[{"count":5,"href":"https:\/\/alternativenergi.hr\/index.php?rest_route=\/wp\/v2\/pages\/660\/revisions"}],"predecessor-version":[{"id":1193,"href":"https:\/\/alternativenergi.hr\/index.php?rest_route=\/wp\/v2\/pages\/660\/revisions\/1193"}],"wp:attachment":[{"href":"https:\/\/alternativenergi.hr\/index.php?rest_route=%2Fwp%2Fv2%2Fmedia&parent=660"}],"curies":[{"name":"wp","href":"https:\/\/api.w.org\/{rel}","templated":true}]}}